{"id":12534,"date":"2025-08-04T16:59:23","date_gmt":"2025-08-04T14:59:23","guid":{"rendered":"https:\/\/nexxus-iberia.es\/?page_id=12534"},"modified":"2026-05-14T14:41:50","modified_gmt":"2026-05-14T12:41:50","slug":"maite-ballester","status":"publish","type":"page","link":"https:\/\/nexxus-iberia.es\/en\/maite-ballester\/","title":{"rendered":"Maite Ballester"},"content":{"rendered":"<div data-elementor-type=\"wp-page\" data-elementor-id=\"12534\" class=\"elementor elementor-12534\" data-elementor-post-type=\"page\">\n\t\t\t\t<div class=\"elementor-element elementor-element-5bab09b e-con-full e-flex parallax_section_no qode_elementor_container_no e-con e-parent\" data-id=\"5bab09b\" data-element_type=\"container\">\n\t\t<div class=\"elementor-element elementor-element-0354335 e-con-full e-flex parallax_section_no qode_elementor_container_no e-con e-child\" data-id=\"0354335\" data-element_type=\"container\">\n\t\t\t\t<div class=\"elementor-element elementor-element-9f5beb2 elementor-arrows-position-inside elementor-widget elementor-widget-image-carousel\" data-id=\"9f5beb2\" data-element_type=\"widget\" data-settings=\"{&quot;slides_to_show&quot;:&quot;1&quot;,&quot;navigation&quot;:&quot;arrows&quot;,&quot;autoplay&quot;:&quot;yes&quot;,&quot;pause_on_hover&quot;:&quot;yes&quot;,&quot;pause_on_interaction&quot;:&quot;yes&quot;,&quot;autoplay_speed&quot;:5000,&quot;infinite&quot;:&quot;yes&quot;,&quot;effect&quot;:&quot;slide&quot;,&quot;speed&quot;:500}\" data-widget_type=\"image-carousel.default\">\n\t\t\t\t\t\t\t<div class=\"elementor-image-carousel-wrapper swiper\" role=\"region\" aria-roledescription=\"carousel\" aria-label=\"Carrusel de im\u00e1genes\" dir=\"ltr\">\n\t\t\t<div class=\"elementor-image-carousel swiper-wrapper\" aria-live=\"off\">\n\t\t\t\t\t\t\t\t<div class=\"swiper-slide\" role=\"group\" aria-roledescription=\"slide\" aria-label=\"1 de 1\"><figure class=\"swiper-slide-inner\"><img decoding=\"async\" class=\"swiper-slide-image\" src=\"https:\/\/nexxus-iberia.es\/wp-content\/uploads\/2025\/07\/Personas-Nueva-MaiteBallesteros4.jpg\" alt=\"maite ballester\" \/><\/figure><\/div>\t\t\t<\/div>\n\t\t\t\t\t<\/div>\n\t\t\t\t\t\t<\/div>\n\t\t\t\t<\/div>\n\t\t<div class=\"elementor-element elementor-element-04f64ab e-con-full e-flex parallax_section_no qode_elementor_container_no e-con e-child\" data-id=\"04f64ab\" data-element_type=\"container\">\n\t\t\t\t<div class=\"elementor-element elementor-element-e046e17 elementor-widget elementor-widget-text-editor\" data-id=\"e046e17\" data-element_type=\"widget\" data-widget_type=\"text-editor.default\">\n\t\t\t\t\t\t\t\t\t<h3 class=\"qodef-m-title\">Maite Ballester<\/h3>\t\t\t\t\t\t\t\t<\/div>\n\t\t\t\t<div class=\"elementor-element elementor-element-58fa33b elementor-widget elementor-widget-text-editor\" data-id=\"58fa33b\" data-element_type=\"widget\" data-widget_type=\"text-editor.default\">\n\t\t\t\t\t\t\t\t\t<h6>Founding Partner<\/h6>\t\t\t\t\t\t\t\t<\/div>\n\t\t\t\t<div class=\"elementor-element elementor-element-bd84c60 elementor-widget elementor-widget-text-editor\" data-id=\"bd84c60\" data-element_type=\"widget\" data-widget_type=\"text-editor.default\">\n\t\t\t\t\t\t\t\t\t<p><a style=\"display: inline-flex; align-items: center; text-decoration: none; color: #0077b5; font-size: 14px;\" href=\"https:\/\/www.linkedin.com\/in\/maite-ballester-b2126813\/\" target=\"_blank\" rel=\"noopener\"> <img decoding=\"async\" style=\"width: 16px; height: 16px; margin-right: 6px;\" src=\"https:\/\/cdn-icons-png.flaticon.com\/512\/174\/174857.png\" alt=\"LinkedIn\" \/> LinkedIn <\/a><\/p>\t\t\t\t\t\t\t\t<\/div>\n\t\t\t\t<div class=\"elementor-element elementor-element-009be3e elementor-widget elementor-widget-text-editor\" data-id=\"009be3e\" data-element_type=\"widget\" data-widget_type=\"text-editor.default\">\n\t\t\t\t\t\t\t\t\t<h5><b>Maite has nearly 30 years of investment experience. Before co-founding Nexxus Iberia, she managed the Spanish arm of British fund 3i. She has led more than 45 transactions across Spain and Portugal, including two IPOs. Previously, she worked for Booz Allen Hamilton as a strategy consultant in Mexico, the UK, Spain and Portugal. Maite holds an MBA from Columbia University and has graduated cum laude from Boston College with a BSc. In Finance and Political Science.<\/b><\/h5>\t\t\t\t\t\t\t\t<\/div>\n\t\t\t\t<\/div>\n\t\t\t\t<\/div>\n\t\t<div class=\"elementor-element elementor-element-b798f38 e-con-full e-flex parallax_section_no qode_elementor_container_no e-con e-parent\" data-id=\"b798f38\" data-element_type=\"container\">\n\t\t\t\t<div class=\"elementor-element elementor-element-b8c7a50 elementor-widget elementor-widget-text-editor\" data-id=\"b8c7a50\" data-element_type=\"widget\" data-widget_type=\"text-editor.default\">\n\t\t\t\t\t\t\t\t\t<p>She is currently an independent director at Cellnex, where she also oversees the audit, risk management, sustainability and remuneration committees,. She sits on the advisory boards of ING Spain, Grupo Antolin and SONAE Portugal.<\/p><p>\u00a0<\/p><p>She has served as an independent director at Repsol and Prisa in recent years and as a member of their audit, remuneration, and sustainability committees. She was also an independent director and chair of the audit committee at Grupo Lar. She is a member of the advisory board of AON Spain.<\/p><p>\u00a0<\/p><p>She chaired ASCRI (Spanish Venture Capital Association) from 2010 to 2012 and is a member of the Institute of Directors and Administrators (ICA), the IWF (International Women\u00b4s Forum), Women Corporate Directors, and former president of level 20 in Spain, an organisation that support the presence of women in the private equity and venture capital sector. She is also a trustee of the Junior Trustee Foundation.<\/p>\t\t\t\t\t\t\t\t<\/div>\n\t\t\t\t<\/div>\n\t\t\t\t<\/div>","protected":false},"excerpt":{"rendered":"<p>Maite Ballester Socia Fundadora LinkedIn Maite lleva casi 30 a\u00f1os en el oficio. Antes de cofundar Nexxus Iberia dirigi\u00f3 la oficina del fondo ingl\u00e9s 3i en Espa\u00f1a. Ha participado en m\u00e1s de 45 operaciones en Espa\u00f1a y Portugal incluyendo dos salidas a bolsa. Previamente trabaj\u00f3&#8230;<\/p>","protected":false},"author":1,"featured_media":12473,"parent":0,"menu_order":0,"comment_status":"closed","ping_status":"open","template":"","meta":{"content-type":"","footnotes":""},"class_list":["post-12534","page","type-page","status-publish","has-post-thumbnail","hentry"],"yoast_head":"<!-- This site is optimized with the Yoast SEO plugin v26.7 - https:\/\/yoast.com\/wordpress\/plugins\/seo\/ -->\n<title>Maite Ballester - Nexxus Iberia<\/title>\n<meta name=\"description\" content=\"Maite lleva 30 a\u00f1os en el oficio. Antes de cofundar Nexxus Iberia dirigi\u00f3 la oficina del fondo ingl\u00e9s 3i en Espa\u00f1a.\" \/>\n<meta name=\"robots\" content=\"index, follow, max-snippet:-1, max-image-preview:large, max-video-preview:-1\" \/>\n<link rel=\"canonical\" href=\"https:\/\/nexxus-iberia.es\/en\/maite-ballester\/\" \/>\n<meta property=\"og:locale\" content=\"en_US\" \/>\n<meta property=\"og:type\" content=\"article\" \/>\n<meta property=\"og:title\" content=\"Maite Ballester - Nexxus Iberia\" \/>\n<meta property=\"og:description\" content=\"Maite lleva 30 a\u00f1os en el oficio. Antes de cofundar Nexxus Iberia dirigi\u00f3 la oficina del fondo ingl\u00e9s 3i en Espa\u00f1a.\" \/>\n<meta property=\"og:url\" content=\"https:\/\/nexxus-iberia.es\/en\/maite-ballester\/\" \/>\n<meta property=\"og:site_name\" content=\"Nexxus Iberia\" \/>\n<meta property=\"article:modified_time\" content=\"2026-05-14T12:41:50+00:00\" \/>\n<meta property=\"og:image\" content=\"https:\/\/nexxus-iberia.es\/wp-content\/uploads\/2025\/08\/Personas_Actividad_MaiteBallester.jpg\" \/>\n\t<meta property=\"og:image:width\" content=\"600\" \/>\n\t<meta property=\"og:image:height\" content=\"400\" \/>\n\t<meta property=\"og:image:type\" content=\"image\/jpeg\" \/>\n<meta name=\"twitter:card\" content=\"summary_large_image\" \/>\n<meta name=\"twitter:label1\" content=\"Est. reading time\" \/>\n\t<meta name=\"twitter:data1\" content=\"2 minutes\" \/>\n<script type=\"application\/ld+json\" class=\"yoast-schema-graph\">{\"@context\":\"https:\/\/schema.org\",\"@graph\":[{\"@type\":\"WebPage\",\"@id\":\"https:\/\/nexxus-iberia.es\/maite-ballester\/\",\"url\":\"https:\/\/nexxus-iberia.es\/maite-ballester\/\",\"name\":\"Maite Ballester - Nexxus Iberia\",\"isPartOf\":{\"@id\":\"https:\/\/nexxus-iberia.es\/#website\"},\"primaryImageOfPage\":{\"@id\":\"https:\/\/nexxus-iberia.es\/maite-ballester\/#primaryimage\"},\"image\":{\"@id\":\"https:\/\/nexxus-iberia.es\/maite-ballester\/#primaryimage\"},\"thumbnailUrl\":\"https:\/\/nexxus-iberia.es\/wp-content\/uploads\/2025\/08\/Personas_Actividad_MaiteBallester.jpg\",\"datePublished\":\"2025-08-04T14:59:23+00:00\",\"dateModified\":\"2026-05-14T12:41:50+00:00\",\"description\":\"Maite lleva 30 a\u00f1os en el oficio. Antes de cofundar Nexxus Iberia dirigi\u00f3 la oficina del fondo ingl\u00e9s 3i en Espa\u00f1a.\",\"breadcrumb\":{\"@id\":\"https:\/\/nexxus-iberia.es\/maite-ballester\/#breadcrumb\"},\"inLanguage\":\"en-US\",\"potentialAction\":[{\"@type\":\"ReadAction\",\"target\":[\"https:\/\/nexxus-iberia.es\/maite-ballester\/\"]}]},{\"@type\":\"ImageObject\",\"inLanguage\":\"en-US\",\"@id\":\"https:\/\/nexxus-iberia.es\/maite-ballester\/#primaryimage\",\"url\":\"https:\/\/nexxus-iberia.es\/wp-content\/uploads\/2025\/08\/Personas_Actividad_MaiteBallester.jpg\",\"contentUrl\":\"https:\/\/nexxus-iberia.es\/wp-content\/uploads\/2025\/08\/Personas_Actividad_MaiteBallester.jpg\",\"width\":600,\"height\":400,\"caption\":\"maite ballester 2\"},{\"@type\":\"BreadcrumbList\",\"@id\":\"https:\/\/nexxus-iberia.es\/maite-ballester\/#breadcrumb\",\"itemListElement\":[{\"@type\":\"ListItem\",\"position\":1,\"name\":\"Portada\",\"item\":\"https:\/\/nexxus-iberia.es\/\"},{\"@type\":\"ListItem\",\"position\":2,\"name\":\"Maite Ballester\"}]},{\"@type\":\"WebSite\",\"@id\":\"https:\/\/nexxus-iberia.es\/#website\",\"url\":\"https:\/\/nexxus-iberia.es\/\",\"name\":\"Nexxus Iberia\",\"description\":\"Nexxus Iberia Fund I impulsa pymes en Espa\u00f1a con capital flexible (10\u201325 M\u20ac), priorizando eficiencia, expansi\u00f3n a Europa y LatAm, talento directivo, adquisiciones y digitalizaci\u00f3n para crear valor sostenible.\",\"publisher\":{\"@id\":\"https:\/\/nexxus-iberia.es\/#organization\"},\"alternateName\":\"Nexxus Iberia\",\"potentialAction\":[{\"@type\":\"SearchAction\",\"target\":{\"@type\":\"EntryPoint\",\"urlTemplate\":\"https:\/\/nexxus-iberia.es\/?s={search_term_string}\"},\"query-input\":{\"@type\":\"PropertyValueSpecification\",\"valueRequired\":true,\"valueName\":\"search_term_string\"}}],\"inLanguage\":\"en-US\"},{\"@type\":\"Organization\",\"@id\":\"https:\/\/nexxus-iberia.es\/#organization\",\"name\":\"Nexxus Iberia\",\"url\":\"https:\/\/nexxus-iberia.es\/\",\"logo\":{\"@type\":\"ImageObject\",\"inLanguage\":\"en-US\",\"@id\":\"https:\/\/nexxus-iberia.es\/#\/schema\/logo\/image\/\",\"url\":\"https:\/\/nexxus-iberia.es\/wp-content\/uploads\/2025\/07\/logo-azul-negro.png\",\"contentUrl\":\"https:\/\/nexxus-iberia.es\/wp-content\/uploads\/2025\/07\/logo-azul-negro.png\",\"width\":200,\"height\":62,\"caption\":\"Nexxus Iberia\"},\"image\":{\"@id\":\"https:\/\/nexxus-iberia.es\/#\/schema\/logo\/image\/\"},\"sameAs\":[\"https:\/\/www.linkedin.com\/company\/nexxus-iberia\/about\/\"]}]}<\/script>\n<!-- \/ Yoast SEO plugin. -->","yoast_head_json":{"title":"Maite Ballester - Nexxus Iberia","description":"Maite lleva 30 a\u00f1os en el oficio. Antes de cofundar Nexxus Iberia dirigi\u00f3 la oficina del fondo ingl\u00e9s 3i en Espa\u00f1a.","robots":{"index":"index","follow":"follow","max-snippet":"max-snippet:-1","max-image-preview":"max-image-preview:large","max-video-preview":"max-video-preview:-1"},"canonical":"https:\/\/nexxus-iberia.es\/en\/maite-ballester\/","og_locale":"en_US","og_type":"article","og_title":"Maite Ballester - Nexxus Iberia","og_description":"Maite lleva 30 a\u00f1os en el oficio. Antes de cofundar Nexxus Iberia dirigi\u00f3 la oficina del fondo ingl\u00e9s 3i en Espa\u00f1a.","og_url":"https:\/\/nexxus-iberia.es\/en\/maite-ballester\/","og_site_name":"Nexxus Iberia","article_modified_time":"2026-05-14T12:41:50+00:00","og_image":[{"width":600,"height":400,"url":"https:\/\/nexxus-iberia.es\/wp-content\/uploads\/2025\/08\/Personas_Actividad_MaiteBallester.jpg","type":"image\/jpeg"}],"twitter_card":"summary_large_image","twitter_misc":{"Est. reading time":"2 minutes"},"schema":{"@context":"https:\/\/schema.org","@graph":[{"@type":"WebPage","@id":"https:\/\/nexxus-iberia.es\/maite-ballester\/","url":"https:\/\/nexxus-iberia.es\/maite-ballester\/","name":"Maite Ballester - Nexxus Iberia","isPartOf":{"@id":"https:\/\/nexxus-iberia.es\/#website"},"primaryImageOfPage":{"@id":"https:\/\/nexxus-iberia.es\/maite-ballester\/#primaryimage"},"image":{"@id":"https:\/\/nexxus-iberia.es\/maite-ballester\/#primaryimage"},"thumbnailUrl":"https:\/\/nexxus-iberia.es\/wp-content\/uploads\/2025\/08\/Personas_Actividad_MaiteBallester.jpg","datePublished":"2025-08-04T14:59:23+00:00","dateModified":"2026-05-14T12:41:50+00:00","description":"Maite lleva 30 a\u00f1os en el oficio. Antes de cofundar Nexxus Iberia dirigi\u00f3 la oficina del fondo ingl\u00e9s 3i en Espa\u00f1a.","breadcrumb":{"@id":"https:\/\/nexxus-iberia.es\/maite-ballester\/#breadcrumb"},"inLanguage":"en-US","potentialAction":[{"@type":"ReadAction","target":["https:\/\/nexxus-iberia.es\/maite-ballester\/"]}]},{"@type":"ImageObject","inLanguage":"en-US","@id":"https:\/\/nexxus-iberia.es\/maite-ballester\/#primaryimage","url":"https:\/\/nexxus-iberia.es\/wp-content\/uploads\/2025\/08\/Personas_Actividad_MaiteBallester.jpg","contentUrl":"https:\/\/nexxus-iberia.es\/wp-content\/uploads\/2025\/08\/Personas_Actividad_MaiteBallester.jpg","width":600,"height":400,"caption":"maite ballester 2"},{"@type":"BreadcrumbList","@id":"https:\/\/nexxus-iberia.es\/maite-ballester\/#breadcrumb","itemListElement":[{"@type":"ListItem","position":1,"name":"Portada","item":"https:\/\/nexxus-iberia.es\/"},{"@type":"ListItem","position":2,"name":"Maite Ballester"}]},{"@type":"WebSite","@id":"https:\/\/nexxus-iberia.es\/#website","url":"https:\/\/nexxus-iberia.es\/","name":"Nexxus Iberia","description":"Nexxus Iberia Fund I impulsa pymes en Espa\u00f1a con capital flexible (10\u201325 M\u20ac), priorizando eficiencia, expansi\u00f3n a Europa y LatAm, talento directivo, adquisiciones y digitalizaci\u00f3n para crear valor sostenible.","publisher":{"@id":"https:\/\/nexxus-iberia.es\/#organization"},"alternateName":"Nexxus Iberia","potentialAction":[{"@type":"SearchAction","target":{"@type":"EntryPoint","urlTemplate":"https:\/\/nexxus-iberia.es\/?s={search_term_string}"},"query-input":{"@type":"PropertyValueSpecification","valueRequired":true,"valueName":"search_term_string"}}],"inLanguage":"en-US"},{"@type":"Organization","@id":"https:\/\/nexxus-iberia.es\/#organization","name":"Nexxus Iberia","url":"https:\/\/nexxus-iberia.es\/","logo":{"@type":"ImageObject","inLanguage":"en-US","@id":"https:\/\/nexxus-iberia.es\/#\/schema\/logo\/image\/","url":"https:\/\/nexxus-iberia.es\/wp-content\/uploads\/2025\/07\/logo-azul-negro.png","contentUrl":"https:\/\/nexxus-iberia.es\/wp-content\/uploads\/2025\/07\/logo-azul-negro.png","width":200,"height":62,"caption":"Nexxus Iberia"},"image":{"@id":"https:\/\/nexxus-iberia.es\/#\/schema\/logo\/image\/"},"sameAs":["https:\/\/www.linkedin.com\/company\/nexxus-iberia\/about\/"]}]}},"_links":{"self":[{"href":"https:\/\/nexxus-iberia.es\/en\/wp-json\/wp\/v2\/pages\/12534","targetHints":{"allow":["GET"]}}],"collection":[{"href":"https:\/\/nexxus-iberia.es\/en\/wp-json\/wp\/v2\/pages"}],"about":[{"href":"https:\/\/nexxus-iberia.es\/en\/wp-json\/wp\/v2\/types\/page"}],"author":[{"embeddable":true,"href":"https:\/\/nexxus-iberia.es\/en\/wp-json\/wp\/v2\/users\/1"}],"replies":[{"embeddable":true,"href":"https:\/\/nexxus-iberia.es\/en\/wp-json\/wp\/v2\/comments?post=12534"}],"version-history":[{"count":41,"href":"https:\/\/nexxus-iberia.es\/en\/wp-json\/wp\/v2\/pages\/12534\/revisions"}],"predecessor-version":[{"id":15298,"href":"https:\/\/nexxus-iberia.es\/en\/wp-json\/wp\/v2\/pages\/12534\/revisions\/15298"}],"wp:featuredmedia":[{"embeddable":true,"href":"https:\/\/nexxus-iberia.es\/en\/wp-json\/wp\/v2\/media\/12473"}],"wp:attachment":[{"href":"https:\/\/nexxus-iberia.es\/en\/wp-json\/wp\/v2\/media?parent=12534"}],"curies":[{"name":"wp","href":"https:\/\/api.w.org\/{rel}","templated":true}]}}