{"id":12555,"date":"2025-08-04T22:52:43","date_gmt":"2025-08-04T20:52:43","guid":{"rendered":"https:\/\/nexxus-iberia.es\/?page_id=12555"},"modified":"2025-10-22T19:06:57","modified_gmt":"2025-10-22T17:06:57","slug":"pablo-gallo","status":"publish","type":"page","link":"https:\/\/nexxus-iberia.es\/en\/pablo-gallo\/","title":{"rendered":"Pablo Gallo"},"content":{"rendered":"<div data-elementor-type=\"wp-page\" data-elementor-id=\"12555\" class=\"elementor elementor-12555\" data-elementor-post-type=\"page\">\n\t\t\t\t<div class=\"elementor-element elementor-element-5bab09b e-con-full e-flex parallax_section_no qode_elementor_container_no e-con e-parent\" data-id=\"5bab09b\" data-element_type=\"container\">\n\t\t<div class=\"elementor-element elementor-element-0354335 e-con-full e-flex parallax_section_no qode_elementor_container_no e-con e-child\" data-id=\"0354335\" data-element_type=\"container\">\n\t\t\t\t<div class=\"elementor-element elementor-element-25079cf elementor-arrows-position-inside elementor-widget elementor-widget-image-carousel\" data-id=\"25079cf\" data-element_type=\"widget\" data-settings=\"{&quot;slides_to_show&quot;:&quot;1&quot;,&quot;navigation&quot;:&quot;arrows&quot;,&quot;autoplay&quot;:&quot;yes&quot;,&quot;pause_on_hover&quot;:&quot;yes&quot;,&quot;pause_on_interaction&quot;:&quot;yes&quot;,&quot;autoplay_speed&quot;:5000,&quot;infinite&quot;:&quot;yes&quot;,&quot;effect&quot;:&quot;slide&quot;,&quot;speed&quot;:500}\" data-widget_type=\"image-carousel.default\">\n\t\t\t\t\t\t\t<div class=\"elementor-image-carousel-wrapper swiper\" role=\"region\" aria-roledescription=\"carousel\" aria-label=\"Carrusel de im\u00e1genes\" dir=\"ltr\">\n\t\t\t<div class=\"elementor-image-carousel swiper-wrapper swiper-image-stretch\" aria-live=\"off\">\n\t\t\t\t\t\t\t\t<div class=\"swiper-slide\" role=\"group\" aria-roledescription=\"slide\" aria-label=\"1 de 1\"><figure class=\"swiper-slide-inner\"><img decoding=\"async\" class=\"swiper-slide-image\" src=\"https:\/\/nexxus-iberia.es\/wp-content\/uploads\/2025\/07\/Personas-Nueva-PabloGallo3-570x430.jpg\" alt=\"Pablo Gallo\" \/><\/figure><\/div>\t\t\t<\/div>\n\t\t\t\t\t<\/div>\n\t\t\t\t\t\t<\/div>\n\t\t\t\t<\/div>\n\t\t<div class=\"elementor-element elementor-element-04f64ab e-con-full e-flex parallax_section_no qode_elementor_container_no e-con e-child\" data-id=\"04f64ab\" data-element_type=\"container\">\n\t\t\t\t<div class=\"elementor-element elementor-element-e046e17 elementor-widget elementor-widget-text-editor\" data-id=\"e046e17\" data-element_type=\"widget\" data-widget_type=\"text-editor.default\">\n\t\t\t\t\t\t\t\t\t<h3 class=\"qodef-m-title\">Pablo Gallo<\/h3>\t\t\t\t\t\t\t\t<\/div>\n\t\t\t\t<div class=\"elementor-element elementor-element-58fa33b elementor-widget elementor-widget-text-editor\" data-id=\"58fa33b\" data-element_type=\"widget\" data-widget_type=\"text-editor.default\">\n\t\t\t\t\t\t\t\t\t<h6>Founding Partner<\/h6>\t\t\t\t\t\t\t\t<\/div>\n\t\t\t\t<div class=\"elementor-element elementor-element-bd84c60 elementor-widget elementor-widget-text-editor\" data-id=\"bd84c60\" data-element_type=\"widget\" data-widget_type=\"text-editor.default\">\n\t\t\t\t\t\t\t\t\t<a style=\"display: inline-flex; align-items: center; text-decoration: none; color: #0077b5; font-size: 14px;\" href=\"https:\/\/www.linkedin.com\/in\/pablo-gallo-67889120\/\" target=\"_blank\" rel=\"noopener\"> <img decoding=\"async\" style=\"width: 16px; height: 16px; margin-right: 6px;\" src=\"https:\/\/cdn-icons-png.flaticon.com\/512\/174\/174857.png\" alt=\"LinkedIn\" \/> LinkedIn <\/a>\t\t\t\t\t\t\t\t<\/div>\n\t\t\t\t<div class=\"elementor-element elementor-element-009be3e elementor-widget elementor-widget-text-editor\" data-id=\"009be3e\" data-element_type=\"widget\" data-widget_type=\"text-editor.default\">\n\t\t\t\t\t\t\t\t\t<p><b>Pablo is a co-founder of Nexxus Iberia and, like Maite, worked at 3i, where he became a partner. He later worked at AZ Capital and as an independent advisor to mid-sized companies, serving on their boards and assisting with inorganic growth processes.<\/b><\/p>\t\t\t\t\t\t\t\t<\/div>\n\t\t\t\t<\/div>\n\t\t\t\t<\/div>\n\t\t<div class=\"elementor-element elementor-element-b798f38 e-con-full e-flex parallax_section_no qode_elementor_container_no e-con e-parent\" data-id=\"b798f38\" data-element_type=\"container\">\n\t\t\t\t<div class=\"elementor-element elementor-element-b8c7a50 elementor-widget elementor-widget-text-editor\" data-id=\"b8c7a50\" data-element_type=\"widget\" data-widget_type=\"text-editor.default\">\n\t\t\t\t\t\t\t\t\t<p>He has participated in 25 transactions and has served on the boards of companies such as Interm\u00e1s, La Sirena, Everis, The Eat OutGroup, and Dogtrack, among others. He currently serves on the boards of STM Seguridad, OFG Telecomunicaciones, and Contenur.<\/p><p>\u00a0<\/p><p>Pablo holds an MBA from IESE and a degree in Economics from the University of Barcelona.<\/p>\t\t\t\t\t\t\t\t<\/div>\n\t\t\t\t<\/div>\n\t\t\t\t<\/div>","protected":false},"excerpt":{"rendered":"<p>Pablo Gallo Socio Fundador LinkedIn Pablo es cofundador de Nexxus Iberia y al igual que\u00a0Maite, trabaj\u00f3 en 3i, donde lleg\u00f3 a ser uno de los socios. Posteriormente, trabaj\u00f3 en AZ Capital y como asesor independiente de empresas medianas, tanto en sus consejos como en procesos&#8230;<\/p>","protected":false},"author":1,"featured_media":11673,"parent":0,"menu_order":0,"comment_status":"closed","ping_status":"open","template":"","meta":{"content-type":"","footnotes":""},"class_list":["post-12555","page","type-page","status-publish","has-post-thumbnail","hentry"],"yoast_head":"<!-- This site is optimized with the Yoast SEO plugin v26.7 - https:\/\/yoast.com\/wordpress\/plugins\/seo\/ -->\n<title>Pablo Gallo - Nexxus Iberia<\/title>\n<meta name=\"description\" content=\"Pablo es cofundador de Nexxus Iberia y al igual que Maite, trabaj\u00f3 en 3i, donde lleg\u00f3 a ser uno de los socios.\" \/>\n<meta name=\"robots\" content=\"index, follow, max-snippet:-1, max-image-preview:large, max-video-preview:-1\" \/>\n<link rel=\"canonical\" href=\"https:\/\/nexxus-iberia.es\/en\/pablo-gallo\/\" \/>\n<meta property=\"og:locale\" content=\"en_US\" \/>\n<meta property=\"og:type\" content=\"article\" \/>\n<meta property=\"og:title\" content=\"Pablo Gallo - Nexxus Iberia\" \/>\n<meta property=\"og:description\" content=\"Pablo es cofundador de Nexxus Iberia y al igual que Maite, trabaj\u00f3 en 3i, donde lleg\u00f3 a ser uno de los socios.\" \/>\n<meta property=\"og:url\" content=\"https:\/\/nexxus-iberia.es\/en\/pablo-gallo\/\" \/>\n<meta property=\"og:site_name\" content=\"Nexxus Iberia\" \/>\n<meta property=\"article:modified_time\" content=\"2025-10-22T17:06:57+00:00\" \/>\n<meta property=\"og:image\" content=\"https:\/\/nexxus-iberia.es\/wp-content\/uploads\/2025\/07\/Personas-Nueva-PabloGallo3.jpg\" \/>\n\t<meta property=\"og:image:width\" content=\"585\" \/>\n\t<meta property=\"og:image:height\" content=\"430\" \/>\n\t<meta property=\"og:image:type\" content=\"image\/jpeg\" \/>\n<meta name=\"twitter:card\" content=\"summary_large_image\" \/>\n<meta name=\"twitter:label1\" content=\"Est. reading time\" \/>\n\t<meta name=\"twitter:data1\" content=\"1 minute\" \/>\n<script type=\"application\/ld+json\" class=\"yoast-schema-graph\">{\"@context\":\"https:\/\/schema.org\",\"@graph\":[{\"@type\":\"WebPage\",\"@id\":\"https:\/\/nexxus-iberia.es\/pablo-gallo\/\",\"url\":\"https:\/\/nexxus-iberia.es\/pablo-gallo\/\",\"name\":\"Pablo Gallo - Nexxus Iberia\",\"isPartOf\":{\"@id\":\"https:\/\/nexxus-iberia.es\/#website\"},\"primaryImageOfPage\":{\"@id\":\"https:\/\/nexxus-iberia.es\/pablo-gallo\/#primaryimage\"},\"image\":{\"@id\":\"https:\/\/nexxus-iberia.es\/pablo-gallo\/#primaryimage\"},\"thumbnailUrl\":\"https:\/\/nexxus-iberia.es\/wp-content\/uploads\/2025\/07\/Personas-Nueva-PabloGallo3.jpg\",\"datePublished\":\"2025-08-04T20:52:43+00:00\",\"dateModified\":\"2025-10-22T17:06:57+00:00\",\"description\":\"Pablo es cofundador de Nexxus Iberia y al igual que Maite, trabaj\u00f3 en 3i, donde lleg\u00f3 a ser uno de los socios.\",\"breadcrumb\":{\"@id\":\"https:\/\/nexxus-iberia.es\/pablo-gallo\/#breadcrumb\"},\"inLanguage\":\"en-US\",\"potentialAction\":[{\"@type\":\"ReadAction\",\"target\":[\"https:\/\/nexxus-iberia.es\/pablo-gallo\/\"]}]},{\"@type\":\"ImageObject\",\"inLanguage\":\"en-US\",\"@id\":\"https:\/\/nexxus-iberia.es\/pablo-gallo\/#primaryimage\",\"url\":\"https:\/\/nexxus-iberia.es\/wp-content\/uploads\/2025\/07\/Personas-Nueva-PabloGallo3.jpg\",\"contentUrl\":\"https:\/\/nexxus-iberia.es\/wp-content\/uploads\/2025\/07\/Personas-Nueva-PabloGallo3.jpg\",\"width\":585,\"height\":430,\"caption\":\"Pablo Gallo\"},{\"@type\":\"BreadcrumbList\",\"@id\":\"https:\/\/nexxus-iberia.es\/pablo-gallo\/#breadcrumb\",\"itemListElement\":[{\"@type\":\"ListItem\",\"position\":1,\"name\":\"Portada\",\"item\":\"https:\/\/nexxus-iberia.es\/\"},{\"@type\":\"ListItem\",\"position\":2,\"name\":\"Pablo Gallo\"}]},{\"@type\":\"WebSite\",\"@id\":\"https:\/\/nexxus-iberia.es\/#website\",\"url\":\"https:\/\/nexxus-iberia.es\/\",\"name\":\"Nexxus Iberia\",\"description\":\"Nexxus Iberia Fund I impulsa pymes en Espa\u00f1a con capital flexible (10\u201325 M\u20ac), priorizando eficiencia, expansi\u00f3n a Europa y LatAm, talento directivo, adquisiciones y digitalizaci\u00f3n para crear valor sostenible.\",\"publisher\":{\"@id\":\"https:\/\/nexxus-iberia.es\/#organization\"},\"alternateName\":\"Nexxus Iberia\",\"potentialAction\":[{\"@type\":\"SearchAction\",\"target\":{\"@type\":\"EntryPoint\",\"urlTemplate\":\"https:\/\/nexxus-iberia.es\/?s={search_term_string}\"},\"query-input\":{\"@type\":\"PropertyValueSpecification\",\"valueRequired\":true,\"valueName\":\"search_term_string\"}}],\"inLanguage\":\"en-US\"},{\"@type\":\"Organization\",\"@id\":\"https:\/\/nexxus-iberia.es\/#organization\",\"name\":\"Nexxus Iberia\",\"url\":\"https:\/\/nexxus-iberia.es\/\",\"logo\":{\"@type\":\"ImageObject\",\"inLanguage\":\"en-US\",\"@id\":\"https:\/\/nexxus-iberia.es\/#\/schema\/logo\/image\/\",\"url\":\"https:\/\/nexxus-iberia.es\/wp-content\/uploads\/2025\/07\/logo-azul-negro.png\",\"contentUrl\":\"https:\/\/nexxus-iberia.es\/wp-content\/uploads\/2025\/07\/logo-azul-negro.png\",\"width\":200,\"height\":62,\"caption\":\"Nexxus Iberia\"},\"image\":{\"@id\":\"https:\/\/nexxus-iberia.es\/#\/schema\/logo\/image\/\"},\"sameAs\":[\"https:\/\/www.linkedin.com\/company\/nexxus-iberia\/about\/\"]}]}<\/script>\n<!-- \/ Yoast SEO plugin. -->","yoast_head_json":{"title":"Pablo Gallo - Nexxus Iberia","description":"Pablo es cofundador de Nexxus Iberia y al igual que Maite, trabaj\u00f3 en 3i, donde lleg\u00f3 a ser uno de los socios.","robots":{"index":"index","follow":"follow","max-snippet":"max-snippet:-1","max-image-preview":"max-image-preview:large","max-video-preview":"max-video-preview:-1"},"canonical":"https:\/\/nexxus-iberia.es\/en\/pablo-gallo\/","og_locale":"en_US","og_type":"article","og_title":"Pablo Gallo - Nexxus Iberia","og_description":"Pablo es cofundador de Nexxus Iberia y al igual que Maite, trabaj\u00f3 en 3i, donde lleg\u00f3 a ser uno de los socios.","og_url":"https:\/\/nexxus-iberia.es\/en\/pablo-gallo\/","og_site_name":"Nexxus Iberia","article_modified_time":"2025-10-22T17:06:57+00:00","og_image":[{"width":585,"height":430,"url":"https:\/\/nexxus-iberia.es\/wp-content\/uploads\/2025\/07\/Personas-Nueva-PabloGallo3.jpg","type":"image\/jpeg"}],"twitter_card":"summary_large_image","twitter_misc":{"Est. reading time":"1 minute"},"schema":{"@context":"https:\/\/schema.org","@graph":[{"@type":"WebPage","@id":"https:\/\/nexxus-iberia.es\/pablo-gallo\/","url":"https:\/\/nexxus-iberia.es\/pablo-gallo\/","name":"Pablo Gallo - Nexxus Iberia","isPartOf":{"@id":"https:\/\/nexxus-iberia.es\/#website"},"primaryImageOfPage":{"@id":"https:\/\/nexxus-iberia.es\/pablo-gallo\/#primaryimage"},"image":{"@id":"https:\/\/nexxus-iberia.es\/pablo-gallo\/#primaryimage"},"thumbnailUrl":"https:\/\/nexxus-iberia.es\/wp-content\/uploads\/2025\/07\/Personas-Nueva-PabloGallo3.jpg","datePublished":"2025-08-04T20:52:43+00:00","dateModified":"2025-10-22T17:06:57+00:00","description":"Pablo es cofundador de Nexxus Iberia y al igual que Maite, trabaj\u00f3 en 3i, donde lleg\u00f3 a ser uno de los socios.","breadcrumb":{"@id":"https:\/\/nexxus-iberia.es\/pablo-gallo\/#breadcrumb"},"inLanguage":"en-US","potentialAction":[{"@type":"ReadAction","target":["https:\/\/nexxus-iberia.es\/pablo-gallo\/"]}]},{"@type":"ImageObject","inLanguage":"en-US","@id":"https:\/\/nexxus-iberia.es\/pablo-gallo\/#primaryimage","url":"https:\/\/nexxus-iberia.es\/wp-content\/uploads\/2025\/07\/Personas-Nueva-PabloGallo3.jpg","contentUrl":"https:\/\/nexxus-iberia.es\/wp-content\/uploads\/2025\/07\/Personas-Nueva-PabloGallo3.jpg","width":585,"height":430,"caption":"Pablo Gallo"},{"@type":"BreadcrumbList","@id":"https:\/\/nexxus-iberia.es\/pablo-gallo\/#breadcrumb","itemListElement":[{"@type":"ListItem","position":1,"name":"Portada","item":"https:\/\/nexxus-iberia.es\/"},{"@type":"ListItem","position":2,"name":"Pablo Gallo"}]},{"@type":"WebSite","@id":"https:\/\/nexxus-iberia.es\/#website","url":"https:\/\/nexxus-iberia.es\/","name":"Nexxus Iberia","description":"Nexxus Iberia Fund I impulsa pymes en Espa\u00f1a con capital flexible (10\u201325 M\u20ac), priorizando eficiencia, expansi\u00f3n a Europa y LatAm, talento directivo, adquisiciones y digitalizaci\u00f3n para crear valor sostenible.","publisher":{"@id":"https:\/\/nexxus-iberia.es\/#organization"},"alternateName":"Nexxus Iberia","potentialAction":[{"@type":"SearchAction","target":{"@type":"EntryPoint","urlTemplate":"https:\/\/nexxus-iberia.es\/?s={search_term_string}"},"query-input":{"@type":"PropertyValueSpecification","valueRequired":true,"valueName":"search_term_string"}}],"inLanguage":"en-US"},{"@type":"Organization","@id":"https:\/\/nexxus-iberia.es\/#organization","name":"Nexxus Iberia","url":"https:\/\/nexxus-iberia.es\/","logo":{"@type":"ImageObject","inLanguage":"en-US","@id":"https:\/\/nexxus-iberia.es\/#\/schema\/logo\/image\/","url":"https:\/\/nexxus-iberia.es\/wp-content\/uploads\/2025\/07\/logo-azul-negro.png","contentUrl":"https:\/\/nexxus-iberia.es\/wp-content\/uploads\/2025\/07\/logo-azul-negro.png","width":200,"height":62,"caption":"Nexxus Iberia"},"image":{"@id":"https:\/\/nexxus-iberia.es\/#\/schema\/logo\/image\/"},"sameAs":["https:\/\/www.linkedin.com\/company\/nexxus-iberia\/about\/"]}]}},"_links":{"self":[{"href":"https:\/\/nexxus-iberia.es\/en\/wp-json\/wp\/v2\/pages\/12555","targetHints":{"allow":["GET"]}}],"collection":[{"href":"https:\/\/nexxus-iberia.es\/en\/wp-json\/wp\/v2\/pages"}],"about":[{"href":"https:\/\/nexxus-iberia.es\/en\/wp-json\/wp\/v2\/types\/page"}],"author":[{"embeddable":true,"href":"https:\/\/nexxus-iberia.es\/en\/wp-json\/wp\/v2\/users\/1"}],"replies":[{"embeddable":true,"href":"https:\/\/nexxus-iberia.es\/en\/wp-json\/wp\/v2\/comments?post=12555"}],"version-history":[{"count":10,"href":"https:\/\/nexxus-iberia.es\/en\/wp-json\/wp\/v2\/pages\/12555\/revisions"}],"predecessor-version":[{"id":14406,"href":"https:\/\/nexxus-iberia.es\/en\/wp-json\/wp\/v2\/pages\/12555\/revisions\/14406"}],"wp:featuredmedia":[{"embeddable":true,"href":"https:\/\/nexxus-iberia.es\/en\/wp-json\/wp\/v2\/media\/11673"}],"wp:attachment":[{"href":"https:\/\/nexxus-iberia.es\/en\/wp-json\/wp\/v2\/media?parent=12555"}],"curies":[{"name":"wp","href":"https:\/\/api.w.org\/{rel}","templated":true}]}}