{"id":12571,"date":"2025-08-04T23:10:56","date_gmt":"2025-08-04T21:10:56","guid":{"rendered":"https:\/\/nexxus-iberia.es\/?page_id=12571"},"modified":"2025-11-20T17:01:43","modified_gmt":"2025-11-20T16:01:43","slug":"javier-onieva","status":"publish","type":"page","link":"https:\/\/nexxus-iberia.es\/en\/javier-onieva\/","title":{"rendered":"Javier Onieva"},"content":{"rendered":"<div data-elementor-type=\"wp-page\" data-elementor-id=\"12571\" class=\"elementor elementor-12571\" data-elementor-post-type=\"page\">\n\t\t\t\t<div class=\"elementor-element elementor-element-5bab09b e-con-full e-flex parallax_section_no qode_elementor_container_no e-con e-parent\" data-id=\"5bab09b\" data-element_type=\"container\">\n\t\t<div class=\"elementor-element elementor-element-0354335 e-con-full e-flex parallax_section_no qode_elementor_container_no e-con e-child\" data-id=\"0354335\" data-element_type=\"container\">\n\t\t\t\t<div class=\"elementor-element elementor-element-3ab5f8e elementor-widget elementor-widget-image\" data-id=\"3ab5f8e\" data-element_type=\"widget\" data-widget_type=\"image.default\">\n\t\t\t\t\t\t\t\t\t\t\t\t\t\t\t<img fetchpriority=\"high\" decoding=\"async\" width=\"585\" height=\"430\" src=\"https:\/\/nexxus-iberia.es\/wp-content\/uploads\/2025\/08\/Personas-Nueva-JavierOnieva3.jpg\" class=\"attachment-full size-full wp-image-12348\" alt=\"Javier Onieva\" srcset=\"https:\/\/nexxus-iberia.es\/wp-content\/uploads\/2025\/08\/Personas-Nueva-JavierOnieva3.jpg 585w, https:\/\/nexxus-iberia.es\/wp-content\/uploads\/2025\/08\/Personas-Nueva-JavierOnieva3-300x221.jpg 300w\" sizes=\"(max-width: 585px) 100vw, 585px\" \/>\t\t\t\t\t\t\t\t\t\t\t\t\t\t\t<\/div>\n\t\t\t\t<\/div>\n\t\t<div class=\"elementor-element elementor-element-04f64ab e-con-full e-flex parallax_section_no qode_elementor_container_no e-con e-child\" data-id=\"04f64ab\" data-element_type=\"container\">\n\t\t\t\t<div class=\"elementor-element elementor-element-e046e17 elementor-widget elementor-widget-text-editor\" data-id=\"e046e17\" data-element_type=\"widget\" data-widget_type=\"text-editor.default\">\n\t\t\t\t\t\t\t\t\t<h3 class=\"qodef-m-title\">Javier Onieva<\/h3>\t\t\t\t\t\t\t\t<\/div>\n\t\t\t\t<div class=\"elementor-element elementor-element-58fa33b elementor-widget elementor-widget-text-editor\" data-id=\"58fa33b\" data-element_type=\"widget\" data-widget_type=\"text-editor.default\">\n\t\t\t\t\t\t\t\t\t<h6>Partner<\/h6>\t\t\t\t\t\t\t\t<\/div>\n\t\t\t\t<div class=\"elementor-element elementor-element-bd84c60 elementor-widget elementor-widget-text-editor\" data-id=\"bd84c60\" data-element_type=\"widget\" data-widget_type=\"text-editor.default\">\n\t\t\t\t\t\t\t\t\t<a style=\"display: inline-flex; align-items: center; text-decoration: none; color: #0077b5; font-size: 14px;\" href=\"https:\/\/www.linkedin.com\/in\/javier-onieva-6b95b813\/\" target=\"_blank\" rel=\"noopener\"> <img decoding=\"async\" style=\"width: 16px; height: 16px; margin-right: 6px;\" src=\"https:\/\/cdn-icons-png.flaticon.com\/512\/174\/174857.png\" alt=\"LinkedIn\" \/> LinkedIn <\/a>\t\t\t\t\t\t\t\t<\/div>\n\t\t\t\t<div class=\"elementor-element elementor-element-009be3e elementor-widget elementor-widget-text-editor\" data-id=\"009be3e\" data-element_type=\"widget\" data-widget_type=\"text-editor.default\">\n\t\t\t\t\t\t\t\t\t<p><b>Javier joined Nexxus Iberia in 2018. He currently serves on the boards of Contenur, La Margarita, Aerocamaras, and Skinclinic. He previously served on the boards of TwentyFourSeven, Chef Sam, and W Clinics.<\/b><\/p>\t\t\t\t\t\t\t\t<\/div>\n\t\t\t\t<\/div>\n\t\t\t\t<\/div>\n\t\t<div class=\"elementor-element elementor-element-b798f38 e-con-full e-flex parallax_section_no qode_elementor_container_no e-con e-parent\" data-id=\"b798f38\" data-element_type=\"container\">\n\t\t\t\t<div class=\"elementor-element elementor-element-b8c7a50 elementor-widget elementor-widget-text-editor\" data-id=\"b8c7a50\" data-element_type=\"widget\" data-widget_type=\"text-editor.default\">\n\t\t\t\t\t\t\t\t\t<p>Between 2011 and 2018, Javier worked for 3i with Maite, where he completed several pan-European transactions (Scandlines, Audley Travel and Christ), was a member of the board of directors of several companies (Prisa Radio, Memora, Derprosa, Caf\u00e9 y Te and La Sirena among others) and led the coverage of the consumer sector in Iberia.<\/p><p>\u00a0<\/p><p>Prior to 3i, Javier worked in the Investment Banking divisions of Merrill Lynch (London), Arcano (Madrid) and Banco Santander (Madrid).<\/p><p>\u00a0<\/p><p>Javier has a degree in Business Administration and Management from ICADE.<\/p>\t\t\t\t\t\t\t\t<\/div>\n\t\t\t\t<\/div>\n\t\t\t\t<\/div>","protected":false},"excerpt":{"rendered":"<p>Javier Onieva Socio LinkedIn Javier se uni\u00f3 a Nexxus Iberia en 2018. Actualmente forma parte del consejo de Contenur, La Margarita, Aerocamaras y Skinclinic. Anteriormente estuvo en los consejos de TwentyFourSeven, Chef Sam y W Clinics. Entre 2011 y 2018, Javier trabaj\u00f3 en 3i con&#8230;<\/p>","protected":false},"author":1,"featured_media":12348,"parent":0,"menu_order":0,"comment_status":"closed","ping_status":"open","template":"","meta":{"content-type":"","footnotes":""},"class_list":["post-12571","page","type-page","status-publish","has-post-thumbnail","hentry"],"yoast_head":"<!-- This site is optimized with the Yoast SEO plugin v26.7 - https:\/\/yoast.com\/wordpress\/plugins\/seo\/ -->\n<title>Javier Onieva - Nexxus Iberia<\/title>\n<meta name=\"description\" content=\"Javier se centra en la b\u00fasqueda de oportunidades de inversi\u00f3n, adquisiciones y representaci\u00f3n de Nexxus en consejos de administraci\u00f3n.\" \/>\n<meta name=\"robots\" content=\"index, follow, max-snippet:-1, max-image-preview:large, max-video-preview:-1\" \/>\n<link rel=\"canonical\" href=\"https:\/\/nexxus-iberia.es\/en\/javier-onieva\/\" \/>\n<meta property=\"og:locale\" content=\"en_US\" \/>\n<meta property=\"og:type\" content=\"article\" \/>\n<meta property=\"og:title\" content=\"Javier Onieva - Nexxus Iberia\" \/>\n<meta property=\"og:description\" content=\"Javier se centra en la b\u00fasqueda de oportunidades de inversi\u00f3n, adquisiciones y representaci\u00f3n de Nexxus en consejos de administraci\u00f3n.\" \/>\n<meta property=\"og:url\" content=\"https:\/\/nexxus-iberia.es\/en\/javier-onieva\/\" \/>\n<meta property=\"og:site_name\" content=\"Nexxus Iberia\" \/>\n<meta property=\"article:modified_time\" content=\"2025-11-20T16:01:43+00:00\" \/>\n<meta property=\"og:image\" content=\"https:\/\/nexxus-iberia.es\/wp-content\/uploads\/2025\/08\/Personas-Nueva-JavierOnieva3.jpg\" \/>\n\t<meta property=\"og:image:width\" content=\"585\" \/>\n\t<meta property=\"og:image:height\" content=\"430\" \/>\n\t<meta property=\"og:image:type\" content=\"image\/jpeg\" \/>\n<meta name=\"twitter:card\" content=\"summary_large_image\" \/>\n<meta name=\"twitter:label1\" content=\"Est. reading time\" \/>\n\t<meta name=\"twitter:data1\" content=\"1 minute\" \/>\n<script type=\"application\/ld+json\" class=\"yoast-schema-graph\">{\"@context\":\"https:\/\/schema.org\",\"@graph\":[{\"@type\":\"WebPage\",\"@id\":\"https:\/\/nexxus-iberia.es\/javier-onieva\/\",\"url\":\"https:\/\/nexxus-iberia.es\/javier-onieva\/\",\"name\":\"Javier Onieva - Nexxus Iberia\",\"isPartOf\":{\"@id\":\"https:\/\/nexxus-iberia.es\/#website\"},\"primaryImageOfPage\":{\"@id\":\"https:\/\/nexxus-iberia.es\/javier-onieva\/#primaryimage\"},\"image\":{\"@id\":\"https:\/\/nexxus-iberia.es\/javier-onieva\/#primaryimage\"},\"thumbnailUrl\":\"https:\/\/nexxus-iberia.es\/wp-content\/uploads\/2025\/08\/Personas-Nueva-JavierOnieva3.jpg\",\"datePublished\":\"2025-08-04T21:10:56+00:00\",\"dateModified\":\"2025-11-20T16:01:43+00:00\",\"description\":\"Javier se centra en la b\u00fasqueda de oportunidades de inversi\u00f3n, adquisiciones y representaci\u00f3n de Nexxus en consejos de administraci\u00f3n.\",\"breadcrumb\":{\"@id\":\"https:\/\/nexxus-iberia.es\/javier-onieva\/#breadcrumb\"},\"inLanguage\":\"en-US\",\"potentialAction\":[{\"@type\":\"ReadAction\",\"target\":[\"https:\/\/nexxus-iberia.es\/javier-onieva\/\"]}]},{\"@type\":\"ImageObject\",\"inLanguage\":\"en-US\",\"@id\":\"https:\/\/nexxus-iberia.es\/javier-onieva\/#primaryimage\",\"url\":\"https:\/\/nexxus-iberia.es\/wp-content\/uploads\/2025\/08\/Personas-Nueva-JavierOnieva3.jpg\",\"contentUrl\":\"https:\/\/nexxus-iberia.es\/wp-content\/uploads\/2025\/08\/Personas-Nueva-JavierOnieva3.jpg\",\"width\":585,\"height\":430,\"caption\":\"Javier Onieva\"},{\"@type\":\"BreadcrumbList\",\"@id\":\"https:\/\/nexxus-iberia.es\/javier-onieva\/#breadcrumb\",\"itemListElement\":[{\"@type\":\"ListItem\",\"position\":1,\"name\":\"Portada\",\"item\":\"https:\/\/nexxus-iberia.es\/\"},{\"@type\":\"ListItem\",\"position\":2,\"name\":\"Javier Onieva\"}]},{\"@type\":\"WebSite\",\"@id\":\"https:\/\/nexxus-iberia.es\/#website\",\"url\":\"https:\/\/nexxus-iberia.es\/\",\"name\":\"Nexxus Iberia\",\"description\":\"Nexxus Iberia Fund I impulsa pymes en Espa\u00f1a con capital flexible (10\u201325 M\u20ac), priorizando eficiencia, expansi\u00f3n a Europa y LatAm, talento directivo, adquisiciones y digitalizaci\u00f3n para crear valor sostenible.\",\"publisher\":{\"@id\":\"https:\/\/nexxus-iberia.es\/#organization\"},\"alternateName\":\"Nexxus Iberia\",\"potentialAction\":[{\"@type\":\"SearchAction\",\"target\":{\"@type\":\"EntryPoint\",\"urlTemplate\":\"https:\/\/nexxus-iberia.es\/?s={search_term_string}\"},\"query-input\":{\"@type\":\"PropertyValueSpecification\",\"valueRequired\":true,\"valueName\":\"search_term_string\"}}],\"inLanguage\":\"en-US\"},{\"@type\":\"Organization\",\"@id\":\"https:\/\/nexxus-iberia.es\/#organization\",\"name\":\"Nexxus Iberia\",\"url\":\"https:\/\/nexxus-iberia.es\/\",\"logo\":{\"@type\":\"ImageObject\",\"inLanguage\":\"en-US\",\"@id\":\"https:\/\/nexxus-iberia.es\/#\/schema\/logo\/image\/\",\"url\":\"https:\/\/nexxus-iberia.es\/wp-content\/uploads\/2025\/07\/logo-azul-negro.png\",\"contentUrl\":\"https:\/\/nexxus-iberia.es\/wp-content\/uploads\/2025\/07\/logo-azul-negro.png\",\"width\":200,\"height\":62,\"caption\":\"Nexxus Iberia\"},\"image\":{\"@id\":\"https:\/\/nexxus-iberia.es\/#\/schema\/logo\/image\/\"},\"sameAs\":[\"https:\/\/www.linkedin.com\/company\/nexxus-iberia\/about\/\"]}]}<\/script>\n<!-- \/ Yoast SEO plugin. -->","yoast_head_json":{"title":"Javier Onieva - Nexxus Iberia","description":"Javier se centra en la b\u00fasqueda de oportunidades de inversi\u00f3n, adquisiciones y representaci\u00f3n de Nexxus en consejos de administraci\u00f3n.","robots":{"index":"index","follow":"follow","max-snippet":"max-snippet:-1","max-image-preview":"max-image-preview:large","max-video-preview":"max-video-preview:-1"},"canonical":"https:\/\/nexxus-iberia.es\/en\/javier-onieva\/","og_locale":"en_US","og_type":"article","og_title":"Javier Onieva - Nexxus Iberia","og_description":"Javier se centra en la b\u00fasqueda de oportunidades de inversi\u00f3n, adquisiciones y representaci\u00f3n de Nexxus en consejos de administraci\u00f3n.","og_url":"https:\/\/nexxus-iberia.es\/en\/javier-onieva\/","og_site_name":"Nexxus Iberia","article_modified_time":"2025-11-20T16:01:43+00:00","og_image":[{"width":585,"height":430,"url":"https:\/\/nexxus-iberia.es\/wp-content\/uploads\/2025\/08\/Personas-Nueva-JavierOnieva3.jpg","type":"image\/jpeg"}],"twitter_card":"summary_large_image","twitter_misc":{"Est. reading time":"1 minute"},"schema":{"@context":"https:\/\/schema.org","@graph":[{"@type":"WebPage","@id":"https:\/\/nexxus-iberia.es\/javier-onieva\/","url":"https:\/\/nexxus-iberia.es\/javier-onieva\/","name":"Javier Onieva - Nexxus Iberia","isPartOf":{"@id":"https:\/\/nexxus-iberia.es\/#website"},"primaryImageOfPage":{"@id":"https:\/\/nexxus-iberia.es\/javier-onieva\/#primaryimage"},"image":{"@id":"https:\/\/nexxus-iberia.es\/javier-onieva\/#primaryimage"},"thumbnailUrl":"https:\/\/nexxus-iberia.es\/wp-content\/uploads\/2025\/08\/Personas-Nueva-JavierOnieva3.jpg","datePublished":"2025-08-04T21:10:56+00:00","dateModified":"2025-11-20T16:01:43+00:00","description":"Javier se centra en la b\u00fasqueda de oportunidades de inversi\u00f3n, adquisiciones y representaci\u00f3n de Nexxus en consejos de administraci\u00f3n.","breadcrumb":{"@id":"https:\/\/nexxus-iberia.es\/javier-onieva\/#breadcrumb"},"inLanguage":"en-US","potentialAction":[{"@type":"ReadAction","target":["https:\/\/nexxus-iberia.es\/javier-onieva\/"]}]},{"@type":"ImageObject","inLanguage":"en-US","@id":"https:\/\/nexxus-iberia.es\/javier-onieva\/#primaryimage","url":"https:\/\/nexxus-iberia.es\/wp-content\/uploads\/2025\/08\/Personas-Nueva-JavierOnieva3.jpg","contentUrl":"https:\/\/nexxus-iberia.es\/wp-content\/uploads\/2025\/08\/Personas-Nueva-JavierOnieva3.jpg","width":585,"height":430,"caption":"Javier Onieva"},{"@type":"BreadcrumbList","@id":"https:\/\/nexxus-iberia.es\/javier-onieva\/#breadcrumb","itemListElement":[{"@type":"ListItem","position":1,"name":"Portada","item":"https:\/\/nexxus-iberia.es\/"},{"@type":"ListItem","position":2,"name":"Javier Onieva"}]},{"@type":"WebSite","@id":"https:\/\/nexxus-iberia.es\/#website","url":"https:\/\/nexxus-iberia.es\/","name":"Nexxus Iberia","description":"Nexxus Iberia Fund I impulsa pymes en Espa\u00f1a con capital flexible (10\u201325 M\u20ac), priorizando eficiencia, expansi\u00f3n a Europa y LatAm, talento directivo, adquisiciones y digitalizaci\u00f3n para crear valor sostenible.","publisher":{"@id":"https:\/\/nexxus-iberia.es\/#organization"},"alternateName":"Nexxus Iberia","potentialAction":[{"@type":"SearchAction","target":{"@type":"EntryPoint","urlTemplate":"https:\/\/nexxus-iberia.es\/?s={search_term_string}"},"query-input":{"@type":"PropertyValueSpecification","valueRequired":true,"valueName":"search_term_string"}}],"inLanguage":"en-US"},{"@type":"Organization","@id":"https:\/\/nexxus-iberia.es\/#organization","name":"Nexxus Iberia","url":"https:\/\/nexxus-iberia.es\/","logo":{"@type":"ImageObject","inLanguage":"en-US","@id":"https:\/\/nexxus-iberia.es\/#\/schema\/logo\/image\/","url":"https:\/\/nexxus-iberia.es\/wp-content\/uploads\/2025\/07\/logo-azul-negro.png","contentUrl":"https:\/\/nexxus-iberia.es\/wp-content\/uploads\/2025\/07\/logo-azul-negro.png","width":200,"height":62,"caption":"Nexxus Iberia"},"image":{"@id":"https:\/\/nexxus-iberia.es\/#\/schema\/logo\/image\/"},"sameAs":["https:\/\/www.linkedin.com\/company\/nexxus-iberia\/about\/"]}]}},"_links":{"self":[{"href":"https:\/\/nexxus-iberia.es\/en\/wp-json\/wp\/v2\/pages\/12571","targetHints":{"allow":["GET"]}}],"collection":[{"href":"https:\/\/nexxus-iberia.es\/en\/wp-json\/wp\/v2\/pages"}],"about":[{"href":"https:\/\/nexxus-iberia.es\/en\/wp-json\/wp\/v2\/types\/page"}],"author":[{"embeddable":true,"href":"https:\/\/nexxus-iberia.es\/en\/wp-json\/wp\/v2\/users\/1"}],"replies":[{"embeddable":true,"href":"https:\/\/nexxus-iberia.es\/en\/wp-json\/wp\/v2\/comments?post=12571"}],"version-history":[{"count":16,"href":"https:\/\/nexxus-iberia.es\/en\/wp-json\/wp\/v2\/pages\/12571\/revisions"}],"predecessor-version":[{"id":14892,"href":"https:\/\/nexxus-iberia.es\/en\/wp-json\/wp\/v2\/pages\/12571\/revisions\/14892"}],"wp:featuredmedia":[{"embeddable":true,"href":"https:\/\/nexxus-iberia.es\/en\/wp-json\/wp\/v2\/media\/12348"}],"wp:attachment":[{"href":"https:\/\/nexxus-iberia.es\/en\/wp-json\/wp\/v2\/media?parent=12571"}],"curies":[{"name":"wp","href":"https:\/\/api.w.org\/{rel}","templated":true}]}}