{"id":12576,"date":"2025-08-04T23:15:56","date_gmt":"2025-08-04T21:15:56","guid":{"rendered":"https:\/\/nexxus-iberia.es\/?page_id=12576"},"modified":"2025-10-22T19:03:02","modified_gmt":"2025-10-22T17:03:02","slug":"jaime-gomez","status":"publish","type":"page","link":"https:\/\/nexxus-iberia.es\/en\/jaime-gomez\/","title":{"rendered":"Jaime G\u00f3mez"},"content":{"rendered":"<div data-elementor-type=\"wp-page\" data-elementor-id=\"12576\" class=\"elementor elementor-12576\" data-elementor-post-type=\"page\">\n\t\t\t\t<div class=\"elementor-element elementor-element-5bab09b e-con-full e-flex parallax_section_no qode_elementor_container_no e-con e-parent\" data-id=\"5bab09b\" data-element_type=\"container\">\n\t\t<div class=\"elementor-element elementor-element-0354335 e-con-full e-flex parallax_section_no qode_elementor_container_no e-con e-child\" data-id=\"0354335\" data-element_type=\"container\">\n\t\t\t\t<div class=\"elementor-element elementor-element-1ff745d elementor-arrows-position-inside elementor-widget elementor-widget-image-carousel\" data-id=\"1ff745d\" data-element_type=\"widget\" data-settings=\"{&quot;slides_to_show&quot;:&quot;1&quot;,&quot;navigation&quot;:&quot;arrows&quot;,&quot;autoplay&quot;:&quot;yes&quot;,&quot;pause_on_hover&quot;:&quot;yes&quot;,&quot;pause_on_interaction&quot;:&quot;yes&quot;,&quot;autoplay_speed&quot;:5000,&quot;infinite&quot;:&quot;yes&quot;,&quot;effect&quot;:&quot;slide&quot;,&quot;speed&quot;:500}\" data-widget_type=\"image-carousel.default\">\n\t\t\t\t\t\t\t<div class=\"elementor-image-carousel-wrapper swiper\" role=\"region\" aria-roledescription=\"carousel\" aria-label=\"Carrusel de im\u00e1genes\" dir=\"ltr\">\n\t\t\t<div class=\"elementor-image-carousel swiper-wrapper swiper-image-stretch\" aria-live=\"off\">\n\t\t\t\t\t\t\t\t<div class=\"swiper-slide\" role=\"group\" aria-roledescription=\"slide\" aria-label=\"1 de 1\"><figure class=\"swiper-slide-inner\"><img decoding=\"async\" class=\"swiper-slide-image\" src=\"https:\/\/nexxus-iberia.es\/wp-content\/uploads\/2025\/10\/jaime-gomez-570x430.jpg\" alt=\"jaime gomez\" \/><\/figure><\/div>\t\t\t<\/div>\n\t\t\t\t\t<\/div>\n\t\t\t\t\t\t<\/div>\n\t\t\t\t<\/div>\n\t\t<div class=\"elementor-element elementor-element-04f64ab e-con-full e-flex parallax_section_no qode_elementor_container_no e-con e-child\" data-id=\"04f64ab\" data-element_type=\"container\">\n\t\t\t\t<div class=\"elementor-element elementor-element-e046e17 elementor-widget elementor-widget-text-editor\" data-id=\"e046e17\" data-element_type=\"widget\" data-widget_type=\"text-editor.default\">\n\t\t\t\t\t\t\t\t\t<h3 class=\"qodef-m-title\">Jaime G\u00f3mez<\/h3>\t\t\t\t\t\t\t\t<\/div>\n\t\t\t\t<div class=\"elementor-element elementor-element-58fa33b elementor-widget elementor-widget-text-editor\" data-id=\"58fa33b\" data-element_type=\"widget\" data-widget_type=\"text-editor.default\">\n\t\t\t\t\t\t\t\t\t<h6>Senior Associate<\/h6>\t\t\t\t\t\t\t\t<\/div>\n\t\t\t\t<div class=\"elementor-element elementor-element-bd84c60 elementor-widget elementor-widget-text-editor\" data-id=\"bd84c60\" data-element_type=\"widget\" data-widget_type=\"text-editor.default\">\n\t\t\t\t\t\t\t\t\t<p><a style=\"display: inline-flex; align-items: center; text-decoration: none; color: #0077b5; font-size: 14px;\" href=\"https:\/\/www.linkedin.com\/in\/jaime-gomezmartinez\/\" target=\"_blank\" rel=\"noopener\"> <img decoding=\"async\" style=\"width: 16px; height: 16px; margin-right: 6px;\" src=\"https:\/\/cdn-icons-png.flaticon.com\/512\/174\/174857.png\" alt=\"LinkedIn\" \/> LinkedIn <\/a><\/p>\t\t\t\t\t\t\t\t<\/div>\n\t\t\t\t<div class=\"elementor-element elementor-element-009be3e elementor-widget elementor-widget-text-editor\" data-id=\"009be3e\" data-element_type=\"widget\" data-widget_type=\"text-editor.default\">\n\t\t\t\t\t\t\t\t\t<p><b>Jaime joined Nexxus Iberia in 2018. Previously, he worked for the English fund 3i in Madrid and at PwC in the Deals deals.<\/b><\/p>\t\t\t\t\t\t\t\t<\/div>\n\t\t\t\t<\/div>\n\t\t\t\t<\/div>\n\t\t<div class=\"elementor-element elementor-element-b798f38 e-con-full e-flex parallax_section_no qode_elementor_container_no e-con e-parent\" data-id=\"b798f38\" data-element_type=\"container\">\n\t\t\t\t<div class=\"elementor-element elementor-element-b8c7a50 elementor-widget elementor-widget-text-editor\" data-id=\"b8c7a50\" data-element_type=\"widget\" data-widget_type=\"text-editor.default\">\n\t\t\t\t\t\t\t\t\t<p>Jaime has a degree in Business Administration from ICADE.<\/p>\t\t\t\t\t\t\t\t<\/div>\n\t\t\t\t<\/div>\n\t\t\t\t<\/div>","protected":false},"excerpt":{"rendered":"<p>Jaime G\u00f3mez Asociado Senior LinkedIn Jaime se incorpor\u00f3 a Nexxus Iberia en 2018. Anteriormente, Jaime trabaj\u00f3 en el fondo ingl\u00e9s 3i en Madrid y en PwC en el \u00e1rea de Deals. Jaime es graduado en Administraci\u00f3n de Empresas por ICADE.<\/p>","protected":false},"author":1,"featured_media":14249,"parent":0,"menu_order":0,"comment_status":"closed","ping_status":"open","template":"","meta":{"content-type":"","footnotes":""},"class_list":["post-12576","page","type-page","status-publish","has-post-thumbnail","hentry"],"yoast_head":"<!-- This site is optimized with the Yoast SEO plugin v26.7 - https:\/\/yoast.com\/wordpress\/plugins\/seo\/ -->\n<title>Jaime G\u00f3mez - Nexxus Iberia<\/title>\n<meta name=\"description\" content=\"Jaime se incorpor\u00f3 a Nexxus Iberia en 2018. Jaime es graduado en Administraci\u00f3n de Empresas por ICADE. Anteriormente, trabaj\u00f3 en ingl\u00e9s 3i.\" \/>\n<meta name=\"robots\" content=\"index, follow, max-snippet:-1, max-image-preview:large, max-video-preview:-1\" \/>\n<link rel=\"canonical\" href=\"https:\/\/nexxus-iberia.es\/en\/jaime-gomez\/\" \/>\n<meta property=\"og:locale\" content=\"en_US\" \/>\n<meta property=\"og:type\" content=\"article\" \/>\n<meta property=\"og:title\" content=\"Jaime G\u00f3mez - Nexxus Iberia\" \/>\n<meta property=\"og:description\" content=\"Jaime se incorpor\u00f3 a Nexxus Iberia en 2018. Jaime es graduado en Administraci\u00f3n de Empresas por ICADE. Anteriormente, trabaj\u00f3 en ingl\u00e9s 3i.\" \/>\n<meta property=\"og:url\" content=\"https:\/\/nexxus-iberia.es\/en\/jaime-gomez\/\" \/>\n<meta property=\"og:site_name\" content=\"Nexxus Iberia\" \/>\n<meta property=\"article:modified_time\" content=\"2025-10-22T17:03:02+00:00\" \/>\n<meta property=\"og:image\" content=\"https:\/\/nexxus-iberia.es\/wp-content\/uploads\/2025\/10\/image002-1024x682.png\" \/>\n\t<meta property=\"og:image:width\" content=\"1024\" \/>\n\t<meta property=\"og:image:height\" content=\"682\" \/>\n\t<meta property=\"og:image:type\" content=\"image\/png\" \/>\n<meta name=\"twitter:card\" content=\"summary_large_image\" \/>\n<meta name=\"twitter:label1\" content=\"Est. reading time\" \/>\n\t<meta name=\"twitter:data1\" content=\"1 minute\" \/>\n<script type=\"application\/ld+json\" class=\"yoast-schema-graph\">{\"@context\":\"https:\/\/schema.org\",\"@graph\":[{\"@type\":\"WebPage\",\"@id\":\"https:\/\/nexxus-iberia.es\/jaime-gomez\/\",\"url\":\"https:\/\/nexxus-iberia.es\/jaime-gomez\/\",\"name\":\"Jaime G\u00f3mez - Nexxus Iberia\",\"isPartOf\":{\"@id\":\"https:\/\/nexxus-iberia.es\/#website\"},\"primaryImageOfPage\":{\"@id\":\"https:\/\/nexxus-iberia.es\/jaime-gomez\/#primaryimage\"},\"image\":{\"@id\":\"https:\/\/nexxus-iberia.es\/jaime-gomez\/#primaryimage\"},\"thumbnailUrl\":\"https:\/\/nexxus-iberia.es\/wp-content\/uploads\/2025\/10\/image002.png\",\"datePublished\":\"2025-08-04T21:15:56+00:00\",\"dateModified\":\"2025-10-22T17:03:02+00:00\",\"description\":\"Jaime se incorpor\u00f3 a Nexxus Iberia en 2018. Jaime es graduado en Administraci\u00f3n de Empresas por ICADE. Anteriormente, trabaj\u00f3 en ingl\u00e9s 3i.\",\"breadcrumb\":{\"@id\":\"https:\/\/nexxus-iberia.es\/jaime-gomez\/#breadcrumb\"},\"inLanguage\":\"en-US\",\"potentialAction\":[{\"@type\":\"ReadAction\",\"target\":[\"https:\/\/nexxus-iberia.es\/jaime-gomez\/\"]}]},{\"@type\":\"ImageObject\",\"inLanguage\":\"en-US\",\"@id\":\"https:\/\/nexxus-iberia.es\/jaime-gomez\/#primaryimage\",\"url\":\"https:\/\/nexxus-iberia.es\/wp-content\/uploads\/2025\/10\/image002.png\",\"contentUrl\":\"https:\/\/nexxus-iberia.es\/wp-content\/uploads\/2025\/10\/image002.png\",\"width\":1920,\"height\":1279,\"caption\":\"Jaime Gomez\"},{\"@type\":\"BreadcrumbList\",\"@id\":\"https:\/\/nexxus-iberia.es\/jaime-gomez\/#breadcrumb\",\"itemListElement\":[{\"@type\":\"ListItem\",\"position\":1,\"name\":\"Portada\",\"item\":\"https:\/\/nexxus-iberia.es\/\"},{\"@type\":\"ListItem\",\"position\":2,\"name\":\"Jaime G\u00f3mez\"}]},{\"@type\":\"WebSite\",\"@id\":\"https:\/\/nexxus-iberia.es\/#website\",\"url\":\"https:\/\/nexxus-iberia.es\/\",\"name\":\"Nexxus Iberia\",\"description\":\"Nexxus Iberia Fund I impulsa pymes en Espa\u00f1a con capital flexible (10\u201325 M\u20ac), priorizando eficiencia, expansi\u00f3n a Europa y LatAm, talento directivo, adquisiciones y digitalizaci\u00f3n para crear valor sostenible.\",\"publisher\":{\"@id\":\"https:\/\/nexxus-iberia.es\/#organization\"},\"alternateName\":\"Nexxus Iberia\",\"potentialAction\":[{\"@type\":\"SearchAction\",\"target\":{\"@type\":\"EntryPoint\",\"urlTemplate\":\"https:\/\/nexxus-iberia.es\/?s={search_term_string}\"},\"query-input\":{\"@type\":\"PropertyValueSpecification\",\"valueRequired\":true,\"valueName\":\"search_term_string\"}}],\"inLanguage\":\"en-US\"},{\"@type\":\"Organization\",\"@id\":\"https:\/\/nexxus-iberia.es\/#organization\",\"name\":\"Nexxus Iberia\",\"url\":\"https:\/\/nexxus-iberia.es\/\",\"logo\":{\"@type\":\"ImageObject\",\"inLanguage\":\"en-US\",\"@id\":\"https:\/\/nexxus-iberia.es\/#\/schema\/logo\/image\/\",\"url\":\"https:\/\/nexxus-iberia.es\/wp-content\/uploads\/2025\/07\/logo-azul-negro.png\",\"contentUrl\":\"https:\/\/nexxus-iberia.es\/wp-content\/uploads\/2025\/07\/logo-azul-negro.png\",\"width\":200,\"height\":62,\"caption\":\"Nexxus Iberia\"},\"image\":{\"@id\":\"https:\/\/nexxus-iberia.es\/#\/schema\/logo\/image\/\"},\"sameAs\":[\"https:\/\/www.linkedin.com\/company\/nexxus-iberia\/about\/\"]}]}<\/script>\n<!-- \/ Yoast SEO plugin. -->","yoast_head_json":{"title":"Jaime G\u00f3mez - Nexxus Iberia","description":"Jaime se incorpor\u00f3 a Nexxus Iberia en 2018. Jaime es graduado en Administraci\u00f3n de Empresas por ICADE. Anteriormente, trabaj\u00f3 en ingl\u00e9s 3i.","robots":{"index":"index","follow":"follow","max-snippet":"max-snippet:-1","max-image-preview":"max-image-preview:large","max-video-preview":"max-video-preview:-1"},"canonical":"https:\/\/nexxus-iberia.es\/en\/jaime-gomez\/","og_locale":"en_US","og_type":"article","og_title":"Jaime G\u00f3mez - Nexxus Iberia","og_description":"Jaime se incorpor\u00f3 a Nexxus Iberia en 2018. Jaime es graduado en Administraci\u00f3n de Empresas por ICADE. Anteriormente, trabaj\u00f3 en ingl\u00e9s 3i.","og_url":"https:\/\/nexxus-iberia.es\/en\/jaime-gomez\/","og_site_name":"Nexxus Iberia","article_modified_time":"2025-10-22T17:03:02+00:00","og_image":[{"width":1024,"height":682,"url":"https:\/\/nexxus-iberia.es\/wp-content\/uploads\/2025\/10\/image002-1024x682.png","type":"image\/png"}],"twitter_card":"summary_large_image","twitter_misc":{"Est. reading time":"1 minute"},"schema":{"@context":"https:\/\/schema.org","@graph":[{"@type":"WebPage","@id":"https:\/\/nexxus-iberia.es\/jaime-gomez\/","url":"https:\/\/nexxus-iberia.es\/jaime-gomez\/","name":"Jaime G\u00f3mez - Nexxus Iberia","isPartOf":{"@id":"https:\/\/nexxus-iberia.es\/#website"},"primaryImageOfPage":{"@id":"https:\/\/nexxus-iberia.es\/jaime-gomez\/#primaryimage"},"image":{"@id":"https:\/\/nexxus-iberia.es\/jaime-gomez\/#primaryimage"},"thumbnailUrl":"https:\/\/nexxus-iberia.es\/wp-content\/uploads\/2025\/10\/image002.png","datePublished":"2025-08-04T21:15:56+00:00","dateModified":"2025-10-22T17:03:02+00:00","description":"Jaime se incorpor\u00f3 a Nexxus Iberia en 2018. Jaime es graduado en Administraci\u00f3n de Empresas por ICADE. Anteriormente, trabaj\u00f3 en ingl\u00e9s 3i.","breadcrumb":{"@id":"https:\/\/nexxus-iberia.es\/jaime-gomez\/#breadcrumb"},"inLanguage":"en-US","potentialAction":[{"@type":"ReadAction","target":["https:\/\/nexxus-iberia.es\/jaime-gomez\/"]}]},{"@type":"ImageObject","inLanguage":"en-US","@id":"https:\/\/nexxus-iberia.es\/jaime-gomez\/#primaryimage","url":"https:\/\/nexxus-iberia.es\/wp-content\/uploads\/2025\/10\/image002.png","contentUrl":"https:\/\/nexxus-iberia.es\/wp-content\/uploads\/2025\/10\/image002.png","width":1920,"height":1279,"caption":"Jaime Gomez"},{"@type":"BreadcrumbList","@id":"https:\/\/nexxus-iberia.es\/jaime-gomez\/#breadcrumb","itemListElement":[{"@type":"ListItem","position":1,"name":"Portada","item":"https:\/\/nexxus-iberia.es\/"},{"@type":"ListItem","position":2,"name":"Jaime G\u00f3mez"}]},{"@type":"WebSite","@id":"https:\/\/nexxus-iberia.es\/#website","url":"https:\/\/nexxus-iberia.es\/","name":"Nexxus Iberia","description":"Nexxus Iberia Fund I impulsa pymes en Espa\u00f1a con capital flexible (10\u201325 M\u20ac), priorizando eficiencia, expansi\u00f3n a Europa y LatAm, talento directivo, adquisiciones y digitalizaci\u00f3n para crear valor sostenible.","publisher":{"@id":"https:\/\/nexxus-iberia.es\/#organization"},"alternateName":"Nexxus Iberia","potentialAction":[{"@type":"SearchAction","target":{"@type":"EntryPoint","urlTemplate":"https:\/\/nexxus-iberia.es\/?s={search_term_string}"},"query-input":{"@type":"PropertyValueSpecification","valueRequired":true,"valueName":"search_term_string"}}],"inLanguage":"en-US"},{"@type":"Organization","@id":"https:\/\/nexxus-iberia.es\/#organization","name":"Nexxus Iberia","url":"https:\/\/nexxus-iberia.es\/","logo":{"@type":"ImageObject","inLanguage":"en-US","@id":"https:\/\/nexxus-iberia.es\/#\/schema\/logo\/image\/","url":"https:\/\/nexxus-iberia.es\/wp-content\/uploads\/2025\/07\/logo-azul-negro.png","contentUrl":"https:\/\/nexxus-iberia.es\/wp-content\/uploads\/2025\/07\/logo-azul-negro.png","width":200,"height":62,"caption":"Nexxus Iberia"},"image":{"@id":"https:\/\/nexxus-iberia.es\/#\/schema\/logo\/image\/"},"sameAs":["https:\/\/www.linkedin.com\/company\/nexxus-iberia\/about\/"]}]}},"_links":{"self":[{"href":"https:\/\/nexxus-iberia.es\/en\/wp-json\/wp\/v2\/pages\/12576","targetHints":{"allow":["GET"]}}],"collection":[{"href":"https:\/\/nexxus-iberia.es\/en\/wp-json\/wp\/v2\/pages"}],"about":[{"href":"https:\/\/nexxus-iberia.es\/en\/wp-json\/wp\/v2\/types\/page"}],"author":[{"embeddable":true,"href":"https:\/\/nexxus-iberia.es\/en\/wp-json\/wp\/v2\/users\/1"}],"replies":[{"embeddable":true,"href":"https:\/\/nexxus-iberia.es\/en\/wp-json\/wp\/v2\/comments?post=12576"}],"version-history":[{"count":10,"href":"https:\/\/nexxus-iberia.es\/en\/wp-json\/wp\/v2\/pages\/12576\/revisions"}],"predecessor-version":[{"id":14385,"href":"https:\/\/nexxus-iberia.es\/en\/wp-json\/wp\/v2\/pages\/12576\/revisions\/14385"}],"wp:featuredmedia":[{"embeddable":true,"href":"https:\/\/nexxus-iberia.es\/en\/wp-json\/wp\/v2\/media\/14249"}],"wp:attachment":[{"href":"https:\/\/nexxus-iberia.es\/en\/wp-json\/wp\/v2\/media?parent=12576"}],"curies":[{"name":"wp","href":"https:\/\/api.w.org\/{rel}","templated":true}]}}