{"id":12642,"date":"2025-08-05T00:37:39","date_gmt":"2025-08-04T22:37:39","guid":{"rendered":"https:\/\/nexxus-iberia.es\/?page_id=12642"},"modified":"2025-10-22T18:59:49","modified_gmt":"2025-10-22T16:59:49","slug":"arturo-saval","status":"publish","type":"page","link":"https:\/\/nexxus-iberia.es\/en\/arturo-saval\/","title":{"rendered":"Arturo Saval"},"content":{"rendered":"<div data-elementor-type=\"wp-page\" data-elementor-id=\"12642\" class=\"elementor elementor-12642\" data-elementor-post-type=\"page\">\n\t\t\t\t<div class=\"elementor-element elementor-element-5bab09b e-con-full e-flex parallax_section_no qode_elementor_container_no e-con e-parent\" data-id=\"5bab09b\" data-element_type=\"container\">\n\t\t<div class=\"elementor-element elementor-element-0354335 e-con-full e-flex parallax_section_no qode_elementor_container_no e-con e-child\" data-id=\"0354335\" data-element_type=\"container\">\n\t\t\t\t<div class=\"elementor-element elementor-element-c987a57 elementor-widget elementor-widget-image\" data-id=\"c987a57\" data-element_type=\"widget\" data-widget_type=\"image.default\">\n\t\t\t\t\t\t\t\t\t\t\t\t\t\t\t<img fetchpriority=\"high\" decoding=\"async\" width=\"585\" height=\"430\" src=\"https:\/\/nexxus-iberia.es\/wp-content\/uploads\/2025\/08\/Personas-Nueva-ArturoSaval3.jpg\" class=\"attachment-full size-full wp-image-12360\" alt=\"Arturo Saval\" srcset=\"https:\/\/nexxus-iberia.es\/wp-content\/uploads\/2025\/08\/Personas-Nueva-ArturoSaval3.jpg 585w, https:\/\/nexxus-iberia.es\/wp-content\/uploads\/2025\/08\/Personas-Nueva-ArturoSaval3-300x221.jpg 300w\" sizes=\"(max-width: 585px) 100vw, 585px\" \/>\t\t\t\t\t\t\t\t\t\t\t\t\t\t\t<\/div>\n\t\t\t\t<\/div>\n\t\t<div class=\"elementor-element elementor-element-04f64ab e-con-full e-flex parallax_section_no qode_elementor_container_no e-con e-child\" data-id=\"04f64ab\" data-element_type=\"container\">\n\t\t\t\t<div class=\"elementor-element elementor-element-e046e17 elementor-widget elementor-widget-text-editor\" data-id=\"e046e17\" data-element_type=\"widget\" data-widget_type=\"text-editor.default\">\n\t\t\t\t\t\t\t\t\t<h3 class=\"qodef-m-title\">Arturo Saval<\/h3>\t\t\t\t\t\t\t\t<\/div>\n\t\t\t\t<div class=\"elementor-element elementor-element-58fa33b elementor-widget elementor-widget-text-editor\" data-id=\"58fa33b\" data-element_type=\"widget\" data-widget_type=\"text-editor.default\">\n\t\t\t\t\t\t\t\t\t<h6>Chairman of the Board of Directors and Partner at Nexxus Capital<\/h6>\t\t\t\t\t\t\t\t<\/div>\n\t\t\t\t<div class=\"elementor-element elementor-element-f4dde6b elementor-widget elementor-widget-text-editor\" data-id=\"f4dde6b\" data-element_type=\"widget\" data-widget_type=\"text-editor.default\">\n\t\t\t\t\t\t\t\t\t<a style=\"display: inline-flex; align-items: center; text-decoration: none; color: #0077b5; font-size: 14px;\" href=\"https:\/\/www.linkedin.com\/in\/arturo-saval-a9ab14120\/\" target=\"_blank\" rel=\"noopener\"> <img decoding=\"async\" style=\"width: 16px; height: 16px; margin-right: 6px;\" src=\"https:\/\/cdn-icons-png.flaticon.com\/512\/174\/174857.png\" alt=\"LinkedIn\" \/> LinkedIn <\/a>\t\t\t\t\t\t\t\t<\/div>\n\t\t\t\t<div class=\"elementor-element elementor-element-009be3e elementor-widget elementor-widget-text-editor\" data-id=\"009be3e\" data-element_type=\"widget\" data-widget_type=\"text-editor.default\">\n\t\t\t\t\t\t\t\t\t<p><b>Arturo is chairman of Nexxus Iberia and co-founder of Nexxus Capital, and brings more than 33 years of experience in venture capital, investment and commercial banking.<\/b><\/p>\t\t\t\t\t\t\t\t<\/div>\n\t\t\t\t<\/div>\n\t\t\t\t<\/div>\n\t\t<div class=\"elementor-element elementor-element-b798f38 e-con-full e-flex parallax_section_no qode_elementor_container_no e-con e-parent\" data-id=\"b798f38\" data-element_type=\"container\">\n\t\t\t\t<div class=\"elementor-element elementor-element-b8c7a50 elementor-widget elementor-widget-text-editor\" data-id=\"b8c7a50\" data-element_type=\"widget\" data-widget_type=\"text-editor.default\">\n\t\t\t\t\t\t\t\t\t<p>Before co-founding Nexxus Capital in 1998, he held management positions at Grupo Financiero Santander M\u00e9xico, as well as executive positions in international corporate, commercial and investment banking areas at Grupo Financiero GBM-Atl\u00e1ntico, Interacciones and Grupo Serfin.<\/p><p><br><\/p>\n<p>Arturo also served as president of the Mexican Venture Capital Association and was the sole member of the Mexican Board of the Latin American Venture Capital Association (LAVCA). He studied Industrial Engineering at the Universidad Iberoamericana and has completed several specialized courses.<\/p>\t\t\t\t\t\t\t\t<\/div>\n\t\t\t\t<\/div>\n\t\t\t\t<\/div>","protected":false},"excerpt":{"rendered":"<p>Arturo Saval Presidente LinkedIn Arturo es presidente de Nexxus Iberia y cofundador de Nexxus Capital, y aporta m\u00e1s de 33 a\u00f1os de experiencia en capital riesgo, inversi\u00f3n y banca comercial. Antes de cofundar Nexxus Capital en 1998, ocup\u00f3 cargos directivos en Grupo Financiero Santander M\u00e9xico,&#8230;<\/p>","protected":false},"author":1,"featured_media":12360,"parent":0,"menu_order":0,"comment_status":"closed","ping_status":"open","template":"","meta":{"content-type":"","footnotes":""},"class_list":["post-12642","page","type-page","status-publish","has-post-thumbnail","hentry"],"yoast_head":"<!-- This site is optimized with the Yoast SEO plugin v26.7 - https:\/\/yoast.com\/wordpress\/plugins\/seo\/ -->\n<title>Arturo Saval - Nexxus Iberia<\/title>\n<meta name=\"description\" content=\"Arturo es presidente de Nexxus Iberia y cofundador de Nexxus Capital, y aporta m\u00e1s de 33 a\u00f1os de experiencia en capital riesgo, inversi\u00f3n y banca comercial.\" \/>\n<meta name=\"robots\" content=\"index, follow, max-snippet:-1, max-image-preview:large, max-video-preview:-1\" \/>\n<link rel=\"canonical\" href=\"https:\/\/nexxus-iberia.es\/en\/arturo-saval\/\" \/>\n<meta property=\"og:locale\" content=\"en_US\" \/>\n<meta property=\"og:type\" content=\"article\" \/>\n<meta property=\"og:title\" content=\"Arturo Saval - Nexxus Iberia\" \/>\n<meta property=\"og:description\" content=\"Arturo es presidente de Nexxus Iberia y cofundador de Nexxus Capital, y aporta m\u00e1s de 33 a\u00f1os de experiencia en capital riesgo, inversi\u00f3n y banca comercial.\" \/>\n<meta property=\"og:url\" content=\"https:\/\/nexxus-iberia.es\/en\/arturo-saval\/\" \/>\n<meta property=\"og:site_name\" content=\"Nexxus Iberia\" \/>\n<meta property=\"article:modified_time\" content=\"2025-10-22T16:59:49+00:00\" \/>\n<meta property=\"og:image\" content=\"https:\/\/nexxus-iberia.es\/wp-content\/uploads\/2025\/08\/Personas-Nueva-ArturoSaval3.jpg\" \/>\n\t<meta property=\"og:image:width\" content=\"585\" \/>\n\t<meta property=\"og:image:height\" content=\"430\" \/>\n\t<meta property=\"og:image:type\" content=\"image\/jpeg\" \/>\n<meta name=\"twitter:card\" content=\"summary_large_image\" \/>\n<meta name=\"twitter:label1\" content=\"Est. reading time\" \/>\n\t<meta name=\"twitter:data1\" content=\"1 minute\" \/>\n<script type=\"application\/ld+json\" class=\"yoast-schema-graph\">{\"@context\":\"https:\/\/schema.org\",\"@graph\":[{\"@type\":\"WebPage\",\"@id\":\"https:\/\/nexxus-iberia.es\/arturo-saval\/\",\"url\":\"https:\/\/nexxus-iberia.es\/arturo-saval\/\",\"name\":\"Arturo Saval - Nexxus Iberia\",\"isPartOf\":{\"@id\":\"https:\/\/nexxus-iberia.es\/#website\"},\"primaryImageOfPage\":{\"@id\":\"https:\/\/nexxus-iberia.es\/arturo-saval\/#primaryimage\"},\"image\":{\"@id\":\"https:\/\/nexxus-iberia.es\/arturo-saval\/#primaryimage\"},\"thumbnailUrl\":\"https:\/\/nexxus-iberia.es\/wp-content\/uploads\/2025\/08\/Personas-Nueva-ArturoSaval3.jpg\",\"datePublished\":\"2025-08-04T22:37:39+00:00\",\"dateModified\":\"2025-10-22T16:59:49+00:00\",\"description\":\"Arturo es presidente de Nexxus Iberia y cofundador de Nexxus Capital, y aporta m\u00e1s de 33 a\u00f1os de experiencia en capital riesgo, inversi\u00f3n y banca comercial.\",\"breadcrumb\":{\"@id\":\"https:\/\/nexxus-iberia.es\/arturo-saval\/#breadcrumb\"},\"inLanguage\":\"en-US\",\"potentialAction\":[{\"@type\":\"ReadAction\",\"target\":[\"https:\/\/nexxus-iberia.es\/arturo-saval\/\"]}]},{\"@type\":\"ImageObject\",\"inLanguage\":\"en-US\",\"@id\":\"https:\/\/nexxus-iberia.es\/arturo-saval\/#primaryimage\",\"url\":\"https:\/\/nexxus-iberia.es\/wp-content\/uploads\/2025\/08\/Personas-Nueva-ArturoSaval3.jpg\",\"contentUrl\":\"https:\/\/nexxus-iberia.es\/wp-content\/uploads\/2025\/08\/Personas-Nueva-ArturoSaval3.jpg\",\"width\":585,\"height\":430,\"caption\":\"Arturo Saval\"},{\"@type\":\"BreadcrumbList\",\"@id\":\"https:\/\/nexxus-iberia.es\/arturo-saval\/#breadcrumb\",\"itemListElement\":[{\"@type\":\"ListItem\",\"position\":1,\"name\":\"Portada\",\"item\":\"https:\/\/nexxus-iberia.es\/\"},{\"@type\":\"ListItem\",\"position\":2,\"name\":\"Arturo Saval\"}]},{\"@type\":\"WebSite\",\"@id\":\"https:\/\/nexxus-iberia.es\/#website\",\"url\":\"https:\/\/nexxus-iberia.es\/\",\"name\":\"Nexxus Iberia\",\"description\":\"Nexxus Iberia Fund I impulsa pymes en Espa\u00f1a con capital flexible (10\u201325 M\u20ac), priorizando eficiencia, expansi\u00f3n a Europa y LatAm, talento directivo, adquisiciones y digitalizaci\u00f3n para crear valor sostenible.\",\"publisher\":{\"@id\":\"https:\/\/nexxus-iberia.es\/#organization\"},\"alternateName\":\"Nexxus Iberia\",\"potentialAction\":[{\"@type\":\"SearchAction\",\"target\":{\"@type\":\"EntryPoint\",\"urlTemplate\":\"https:\/\/nexxus-iberia.es\/?s={search_term_string}\"},\"query-input\":{\"@type\":\"PropertyValueSpecification\",\"valueRequired\":true,\"valueName\":\"search_term_string\"}}],\"inLanguage\":\"en-US\"},{\"@type\":\"Organization\",\"@id\":\"https:\/\/nexxus-iberia.es\/#organization\",\"name\":\"Nexxus Iberia\",\"url\":\"https:\/\/nexxus-iberia.es\/\",\"logo\":{\"@type\":\"ImageObject\",\"inLanguage\":\"en-US\",\"@id\":\"https:\/\/nexxus-iberia.es\/#\/schema\/logo\/image\/\",\"url\":\"https:\/\/nexxus-iberia.es\/wp-content\/uploads\/2025\/07\/logo-azul-negro.png\",\"contentUrl\":\"https:\/\/nexxus-iberia.es\/wp-content\/uploads\/2025\/07\/logo-azul-negro.png\",\"width\":200,\"height\":62,\"caption\":\"Nexxus Iberia\"},\"image\":{\"@id\":\"https:\/\/nexxus-iberia.es\/#\/schema\/logo\/image\/\"},\"sameAs\":[\"https:\/\/www.linkedin.com\/company\/nexxus-iberia\/about\/\"]}]}<\/script>\n<!-- \/ Yoast SEO plugin. -->","yoast_head_json":{"title":"Arturo Saval - Nexxus Iberia","description":"Arturo is chairman of Nexxus Iberia and co-founder of Nexxus Capital, and brings more than 33 years of experience in venture capital, investment and commercial banking.","robots":{"index":"index","follow":"follow","max-snippet":"max-snippet:-1","max-image-preview":"max-image-preview:large","max-video-preview":"max-video-preview:-1"},"canonical":"https:\/\/nexxus-iberia.es\/en\/arturo-saval\/","og_locale":"en_US","og_type":"article","og_title":"Arturo Saval - Nexxus Iberia","og_description":"Arturo es presidente de Nexxus Iberia y cofundador de Nexxus Capital, y aporta m\u00e1s de 33 a\u00f1os de experiencia en capital riesgo, inversi\u00f3n y banca comercial.","og_url":"https:\/\/nexxus-iberia.es\/en\/arturo-saval\/","og_site_name":"Nexxus Iberia","article_modified_time":"2025-10-22T16:59:49+00:00","og_image":[{"width":585,"height":430,"url":"https:\/\/nexxus-iberia.es\/wp-content\/uploads\/2025\/08\/Personas-Nueva-ArturoSaval3.jpg","type":"image\/jpeg"}],"twitter_card":"summary_large_image","twitter_misc":{"Est. reading time":"1 minute"},"schema":{"@context":"https:\/\/schema.org","@graph":[{"@type":"WebPage","@id":"https:\/\/nexxus-iberia.es\/arturo-saval\/","url":"https:\/\/nexxus-iberia.es\/arturo-saval\/","name":"Arturo Saval - Nexxus Iberia","isPartOf":{"@id":"https:\/\/nexxus-iberia.es\/#website"},"primaryImageOfPage":{"@id":"https:\/\/nexxus-iberia.es\/arturo-saval\/#primaryimage"},"image":{"@id":"https:\/\/nexxus-iberia.es\/arturo-saval\/#primaryimage"},"thumbnailUrl":"https:\/\/nexxus-iberia.es\/wp-content\/uploads\/2025\/08\/Personas-Nueva-ArturoSaval3.jpg","datePublished":"2025-08-04T22:37:39+00:00","dateModified":"2025-10-22T16:59:49+00:00","description":"Arturo is chairman of Nexxus Iberia and co-founder of Nexxus Capital, and brings more than 33 years of experience in venture capital, investment and commercial banking.","breadcrumb":{"@id":"https:\/\/nexxus-iberia.es\/arturo-saval\/#breadcrumb"},"inLanguage":"en-US","potentialAction":[{"@type":"ReadAction","target":["https:\/\/nexxus-iberia.es\/arturo-saval\/"]}]},{"@type":"ImageObject","inLanguage":"en-US","@id":"https:\/\/nexxus-iberia.es\/arturo-saval\/#primaryimage","url":"https:\/\/nexxus-iberia.es\/wp-content\/uploads\/2025\/08\/Personas-Nueva-ArturoSaval3.jpg","contentUrl":"https:\/\/nexxus-iberia.es\/wp-content\/uploads\/2025\/08\/Personas-Nueva-ArturoSaval3.jpg","width":585,"height":430,"caption":"Arturo Saval"},{"@type":"BreadcrumbList","@id":"https:\/\/nexxus-iberia.es\/arturo-saval\/#breadcrumb","itemListElement":[{"@type":"ListItem","position":1,"name":"Portada","item":"https:\/\/nexxus-iberia.es\/"},{"@type":"ListItem","position":2,"name":"Arturo Saval"}]},{"@type":"WebSite","@id":"https:\/\/nexxus-iberia.es\/#website","url":"https:\/\/nexxus-iberia.es\/","name":"Nexxus Iberia","description":"Nexxus Iberia Fund I impulsa pymes en Espa\u00f1a con capital flexible (10\u201325 M\u20ac), priorizando eficiencia, expansi\u00f3n a Europa y LatAm, talento directivo, adquisiciones y digitalizaci\u00f3n para crear valor sostenible.","publisher":{"@id":"https:\/\/nexxus-iberia.es\/#organization"},"alternateName":"Nexxus Iberia","potentialAction":[{"@type":"SearchAction","target":{"@type":"EntryPoint","urlTemplate":"https:\/\/nexxus-iberia.es\/?s={search_term_string}"},"query-input":{"@type":"PropertyValueSpecification","valueRequired":true,"valueName":"search_term_string"}}],"inLanguage":"en-US"},{"@type":"Organization","@id":"https:\/\/nexxus-iberia.es\/#organization","name":"Nexxus Iberia","url":"https:\/\/nexxus-iberia.es\/","logo":{"@type":"ImageObject","inLanguage":"en-US","@id":"https:\/\/nexxus-iberia.es\/#\/schema\/logo\/image\/","url":"https:\/\/nexxus-iberia.es\/wp-content\/uploads\/2025\/07\/logo-azul-negro.png","contentUrl":"https:\/\/nexxus-iberia.es\/wp-content\/uploads\/2025\/07\/logo-azul-negro.png","width":200,"height":62,"caption":"Nexxus Iberia"},"image":{"@id":"https:\/\/nexxus-iberia.es\/#\/schema\/logo\/image\/"},"sameAs":["https:\/\/www.linkedin.com\/company\/nexxus-iberia\/about\/"]}]}},"_links":{"self":[{"href":"https:\/\/nexxus-iberia.es\/en\/wp-json\/wp\/v2\/pages\/12642","targetHints":{"allow":["GET"]}}],"collection":[{"href":"https:\/\/nexxus-iberia.es\/en\/wp-json\/wp\/v2\/pages"}],"about":[{"href":"https:\/\/nexxus-iberia.es\/en\/wp-json\/wp\/v2\/types\/page"}],"author":[{"embeddable":true,"href":"https:\/\/nexxus-iberia.es\/en\/wp-json\/wp\/v2\/users\/1"}],"replies":[{"embeddable":true,"href":"https:\/\/nexxus-iberia.es\/en\/wp-json\/wp\/v2\/comments?post=12642"}],"version-history":[{"count":12,"href":"https:\/\/nexxus-iberia.es\/en\/wp-json\/wp\/v2\/pages\/12642\/revisions"}],"predecessor-version":[{"id":14367,"href":"https:\/\/nexxus-iberia.es\/en\/wp-json\/wp\/v2\/pages\/12642\/revisions\/14367"}],"wp:featuredmedia":[{"embeddable":true,"href":"https:\/\/nexxus-iberia.es\/en\/wp-json\/wp\/v2\/media\/12360"}],"wp:attachment":[{"href":"https:\/\/nexxus-iberia.es\/en\/wp-json\/wp\/v2\/media?parent=12642"}],"curies":[{"name":"wp","href":"https:\/\/api.w.org\/{rel}","templated":true}]}}